{"id":2581,"date":"2022-05-24T09:13:58","date_gmt":"2022-05-24T09:13:58","guid":{"rendered":"https:\/\/www.plastischechirurgie-mallorca.com\/?page_id=2581"},"modified":"2022-05-25T09:46:04","modified_gmt":"2022-05-25T09:46:04","slug":"privacidad","status":"publish","type":"page","link":"https:\/\/www.plastischechirurgie-mallorca.com\/es\/privacidad\/","title":{"rendered":"Privacidad"},"content":{"rendered":"\n\t<section class=\"section\" id=\"section_1245031190\">\n\t\t<div class=\"bg section-bg fill bg-fill  bg-loaded\" >\n\n\t\t\t\n\t\t\t\n\t\t\t\n\n\t\t<\/div>\n\n\t\t\n\n\t\t<div class=\"section-content relative\">\n\t\t\t\n\n<div class=\"row\"  id=\"row-506888562\">\n\n\n\t<div id=\"col-410216733\" class=\"col small-12 large-12\"  >\n\t\t\t\t<div class=\"col-inner\"  >\n\t\t\t\n\t\t\t\n\n\t<div id=\"gap-839823356\" class=\"gap-element clearfix hide-for-small\" style=\"display:block; height:auto;\">\n\t\t\n<style>\n#gap-839823356 {\n  padding-top: 30px;\n}\n<\/style>\n\t<\/div>\n\t\n\n\t<div id=\"text-1393532017\" class=\"text\">\n\t\t\n\n<h1>Protecci\u00f3n de datos<br \/>b\u00e1sico<\/h1>\n<p>Esta declaraci\u00f3n de protecci\u00f3n de datos tiene por objeto informar a los usuarios de este sitio web sobre el tipo, el alcance y la finalidad de la recogida y utilizaci\u00f3n de datos personales por parte del operador del sitio web Dr. Inform Christian Wolf.<\/p>\n<p>El operador del sitio web se toma muy en serio la protecci\u00f3n de sus datos y los trata de forma confidencial y de acuerdo con las normas legales. Dado que las nuevas tecnolog\u00edas y el constante desarrollo de este sitio web pueden dar lugar a cambios en esta declaraci\u00f3n de protecci\u00f3n de datos, le recomendamos que vuelva a leer la declaraci\u00f3n de protecci\u00f3n de datos a intervalos regulares.<\/p>\n<p>Las definiciones de los t\u00e9rminos utilizados (por ejemplo, \u00abdatos personales\u00bb o \u00abtratamiento\u00bb) se encuentran en el Art. 4 DEL GDPR.<\/p>\n<p>datos de acceso<\/p>\n<p>Nosotros, el operador de la p\u00e1gina web o el proveedor de la misma, recopilamos datos sobre el acceso a la p\u00e1gina web sobre la base de nuestro inter\u00e9s leg\u00edtimo (v\u00e9ase el Art. 6 P\u00e1rrafo 1 lit. f. DSGVO) y los guardamos como \u00abarchivos de registro del servidor\u00bb en el servidor de la p\u00e1gina web. De este modo, se registran los siguientes datos<\/p>\n<p>Sitio visitado<\/p>\n<p>Hora de acceso<\/p>\n<p>Cantidad de datos enviados en bytes<\/p>\n<p>Fuente\/referencia desde la que se lleg\u00f3 a la p\u00e1gina<\/p>\n<p>Navegador utilizado<\/p>\n<p>Sistema operativo utilizado<\/p>\n<p>Direcci\u00f3n IP utilizada<\/p>\n<p>Los archivos de registro del servidor se almacenan durante un m\u00e1ximo de 7 d\u00edas y luego se eliminan. Los datos se almacenan por razones de seguridad, por ejemplo, B. para poder aclarar casos de abuso. En caso de que los datos deban conservarse por motivos de prueba, se excluye su eliminaci\u00f3n hasta que se haya aclarado definitivamente el incidente.<\/p>\n<p>Medici\u00f3n del alcance y cookies<\/p>\n<p>Este sitio web utiliza cookies para la medici\u00f3n de alcance seudonimizada, que se transmiten al navegador del usuario desde nuestro servidor o desde el servidor de terceros. Las cookies son peque\u00f1os archivos que se almacenan en su dispositivo final. Su navegador accede a estos archivos. El uso de cookies aumenta la facilidad de uso y la seguridad de este sitio web.<\/p>\n<p>Si no desea que se almacenen cookies para la medici\u00f3n del alcance en su dispositivo final, puede oponerse al uso de estos archivos aqu\u00ed:<\/p>\n<p>P\u00e1gina de desactivaci\u00f3n de cookies de la Network Advertising Initiative: http:\/\/optout.networkadvertising.org\/?c=1#!\/<\/p>\n<p>P\u00e1gina de desactivaci\u00f3n de cookies del sitio estadounidense: http:\/\/optout.aboutads.info\/?c=2#!\/<\/p>\n<p>P\u00e1gina de desactivaci\u00f3n de cookies del sitio europeo: http:\/\/optout.networkadvertising.org\/?c=1#!\/<\/p>\n<p>Los navegadores habituales ofrecen la opci\u00f3n de no permitir las cookies. Nota: No se garantiza que pueda acceder a todas las funciones de este sitio web sin restricciones si realiza los ajustes correspondientes.<\/p>\n<p>Recogida y tratamiento de datos personales<\/p>\n<p>El operador del sitio web s\u00f3lo recoge, utiliza y transmite sus datos personales si lo permite la ley o si usted da su consentimiento para la recogida de datos.<\/p>\n<p>Los datos personales son toda la informaci\u00f3n que se utiliza para identificar a su persona y que puede ser rastreada hasta usted, por ejemplo, su nombre, direcci\u00f3n de correo electr\u00f3nico y n\u00famero de tel\u00e9fono.<\/p>\n<p>Tambi\u00e9n puede visitar este sitio web sin proporcionar ninguna informaci\u00f3n personal. Sin embargo, para mejorar nuestra oferta en l\u00ednea, guardamos sus datos de acceso a este sitio web (sin referencia personal). Estos datos de acceso incluyen, por ejemplo, el archivo que ha solicitado o el nombre de su proveedor de Internet. Debido a la anonimizaci\u00f3n de los datos, no es posible sacar conclusiones sobre su persona.<\/p>\n<p>Tratamos datos personales como el nombre, los apellidos, la direcci\u00f3n IP, la direcci\u00f3n de correo electr\u00f3nico, el lugar de residencia, el c\u00f3digo postal y la informaci\u00f3n de contenido del formulario de contacto.<\/p>\n<p>S\u00f3lo procesamos los datos personales con el permiso expreso del usuario en cuesti\u00f3n y en cumplimiento de la normativa de protecci\u00f3n de datos aplicable.<\/p>\n<p>El tratamiento de los datos personales se lleva a cabo sobre la base de nuestro inter\u00e9s leg\u00edtimo en el cumplimiento de nuestros servicios acordados por contrato y la optimizaci\u00f3n de nuestra oferta en l\u00ednea.<\/p>\n<p>Tratamiento de los datos de contacto<\/p>\n<p>Si usted se pone en contacto con nosotros como operador del sitio web a trav\u00e9s de las opciones de contacto ofrecidas, sus datos se guardar\u00e1n para que puedan ser utilizados para procesar y responder a su solicitud. Estos datos no se transmitir\u00e1n a terceros sin su consentimiento.<\/p>\n<p>Tratamiento de comentarios y contribuciones<\/p>\n<p>Si deja una contribuci\u00f3n o un comentario en este sitio web, se guardar\u00e1 su direcci\u00f3n IP. Esto se hace sobre la base de nuestros intereses leg\u00edtimos en el sentido del art\u00edculo 6, apartado 1, letra f Tener la identidad del autor del comentario o la contribuci\u00f3n.<\/p>\n<p>Google Analytics<\/p>\n<p>Debido a nuestros intereses leg\u00edtimos en la optimizaci\u00f3n y el an\u00e1lisis de nuestra oferta en l\u00ednea en el sentido del art\u00edculo 6, p\u00e1rrafo 1 lit. f. GDPR, este sitio web utiliza el servicio \u00abGoogle Analytics\u00bb, que es proporcionada por Google Inc. (1600 Amphitheater Parkway Mountain View, CA 94043, EE.UU.) se ofrece. El servicio (Google Analytics) utiliza \u00abcookies\u00bb, archivos de texto que se almacenan en su dispositivo. La informaci\u00f3n recopilada por las cookies suele enviarse a un servidor de Google en Estados Unidos y se almacena all\u00ed.<\/p>\n<p>Google LLC cumple con la ley europea de protecci\u00f3n de datos y est\u00e1 certificada bajo el Acuerdo de Escudo de Privacidad: https:\/\/www.privacyshield.gov\/participant?id=a2zt000000001L5AAI&amp;status=Active<\/p>\n<p>La anonimizaci\u00f3n de la IP tiene efecto en este sitio web. La direcci\u00f3n IP del usuario se acorta dentro de los estados miembros de la UE y del Espacio Econ\u00f3mico Europeo y en los dem\u00e1s estados contratantes del acuerdo. S\u00f3lo en casos concretos se transmitir\u00e1 primero la direcci\u00f3n IP sin abreviar a un servidor de Google en los Estados Unidos y se acortar\u00e1 all\u00ed. Este acortamiento elimina la referencia personal a su direcci\u00f3n IP. La direcci\u00f3n IP del usuario transmitida por el navegador no se combina con otros datos almacenados por Google.<\/p>\n<p>En el marco del acuerdo sobre el contrato de datos de pedidos, que nosotros, como operador del sitio web, hemos concluido con Google Inc., \u00e9sta utiliza la informaci\u00f3n recogida para evaluar el uso del sitio web y la actividad del mismo, as\u00ed como para prestar servicios relacionados con el uso de Internet.<\/p>\n<p>Los datos recogidos por Google en nuestro nombre se utilizan para evaluar el uso de nuestra oferta en l\u00ednea por parte de los usuarios individuales, por ejemplo, B. para crear informes sobre la actividad en el sitio web con el fin de mejorar nuestra oferta en l\u00ednea.<\/p>\n<p>Usted tiene la posibilidad de impedir el almacenamiento de cookies en su dispositivo realizando los ajustes pertinentes en su navegador. No se garantiza que pueda acceder a todas las funciones de este sitio web sin restricciones si su navegador no acepta las cookies.<\/p>\n<p>Tambi\u00e9n puede utilizar un complemento del navegador para evitar que la informaci\u00f3n recopilada por las cookies (incluida su direcci\u00f3n IP) se env\u00ede a Google Inc. y sea utilizada por \u00e9sta. El siguiente enlace le lleva al plugin correspondiente: https:\/\/tools.google.com\/dlpage\/gaoptout?hl=de<\/p>\n<p>Alternativamente, haciendo clic en este enlace https:\/\/chrome.google.com\/webstore\/detail\/google-analytics-opt-out\/fllaojicojecljbmefodhfapmkghcbnh, puede evitar que Google Analytics recopile datos sobre usted en este sitio web. Al hacer clic en el enlace anterior, se descarga una \u00abcookie de exclusi\u00f3n\u00bb. Por lo tanto, su navegador debe permitir siempre el almacenamiento de cookies. Si borra las cookies con regularidad, tendr\u00e1 que volver a hacer clic en el enlace cada vez que visite este sitio web.<\/p>\n<p>Aqu\u00ed puede encontrar m\u00e1s informaci\u00f3n sobre el uso de datos por parte de Google Inc:<\/p>\n<p>https:\/\/policies.google.com\/privacy\/partners?hl=de (datos recogidos por los socios de Google)<\/p>\n<p>https:\/\/adssettings.google.de\/authenticated (configuraci\u00f3n de la publicidad que se le muestra)<\/p>\n<p>https:\/\/policies.google.com\/technologies\/ads?hl=de (uso de cookies en los anuncios)<\/p>\n<p>Uso de plugins de redes sociales de Facebook<\/p>\n<p>Debido a nuestro inter\u00e9s leg\u00edtimo en el an\u00e1lisis, la optimizaci\u00f3n y el funcionamiento de nuestra oferta en l\u00ednea (en el sentido del Art. 6 P\u00e1rrafo 1 lit. f. DSGVO), este sitio web utiliza el plugin social de Facebook, que es proporcionado por Facebook Inc. ( 1 Hacker Way, Menlo Park, California 94025, USA). La integraci\u00f3n puede reconocerse por el logotipo de Facebook o por los t\u00e9rminos \u00abLike\u00bb, \u00abMe gusta\u00bb, \u00abCompartir\u00bb en los colores de Facebook (azul y blanco). Puede encontrar informaci\u00f3n sobre todos los plugins de Facebook en el siguiente enlace: https:\/\/developers.facebook.com\/docs\/plugins\/<\/p>\n<p>Facebook Inc. cumple con la ley europea de protecci\u00f3n de datos y est\u00e1 certificada bajo el Acuerdo de Escudo de Privacidad: https:\/\/www.privacyshield.gov\/participant?id=a2zt0000000GnywAAC&amp;status=Active<\/p>\n<p>El plugin establece una conexi\u00f3n directa entre su navegador y los servidores de Facebook. El operador del sitio web no tiene ninguna influencia sobre la naturaleza y el alcance de los datos que el plugin transmite a los servidores de Facebook Inc. Puedes encontrar informaci\u00f3n al respecto aqu\u00ed: https:\/\/www.facebook.com\/help\/186325668085084<\/p>\n<p>El plugin informa a Facebook Inc. de que usted, como usuario, ha visitado este sitio web. Es posible que se guarde su direcci\u00f3n IP. Si est\u00e1 conectado a su cuenta de Facebook mientras visita este sitio web, la informaci\u00f3n mencionada se vincular\u00e1 a ella.<\/p>\n<p>Si utiliza las funciones del plugin -por ejemplo, compartiendo o dando \u00abme gusta\u00bb a una publicaci\u00f3n- la informaci\u00f3n correspondiente tambi\u00e9n se transmitir\u00e1 a Facebook Inc.<\/p>\n<p>Desea evitar que Facebook. Inc. vincule estos datos a su cuenta de Facebook, por favor cierre la sesi\u00f3n de Facebook antes de visitar este sitio web y elimine las cookies almacenadas. A trav\u00e9s de su perfil de Facebook puede realizar otros ajustes para el tratamiento de datos con fines publicitarios u oponerse al uso de sus datos con fines publicitarios. Puede acceder a la configuraci\u00f3n aqu\u00ed:<\/p>\n<p>Configuraci\u00f3n del perfil en Facebook: https:\/\/www.facebook.com\/ads\/preferences\/?entry_product=ad_settings_screen<\/p>\n<p>P\u00e1gina de desactivaci\u00f3n de cookies del sitio estadounidense: http:\/\/optout.aboutads.info\/?c=2#!\/<\/p>\n<p>P\u00e1gina de desactivaci\u00f3n de cookies del sitio europeo: http:\/\/optout.networkadvertising.org\/?c=1#!\/<\/p>\n<p>En las directrices de protecci\u00f3n de datos de Facebook puedes informarte sobre qu\u00e9 datos, con qu\u00e9 finalidad y en qu\u00e9 medida los recopila, utiliza y procesa Facebook, as\u00ed como sobre los derechos y opciones de configuraci\u00f3n que tienes para proteger tu privacidad. Puedes encontrarlas aqu\u00ed: https:\/\/www.facebook.com\/about\/privacy\/<\/p>\n<p>Derechos del usuario<\/p>\n<p>Si su solicitud no entra en conflicto con una obligaci\u00f3n legal de almacenamiento de datos (por ejemplo, la retenci\u00f3n de datos), tiene derecho a que se eliminen sus datos. Los datos almacenados por nosotros se eliminar\u00e1n si ya no son necesarios para los fines previstos y no existen plazos legales de conservaci\u00f3n. Si no se pueden eliminar porque los datos son necesarios para fines legales permitidos, se restringir\u00e1 el tratamiento de los datos. En este caso, los datos se bloquear\u00e1n y no se tratar\u00e1n para otros fines.<\/p>\n<p>Derecho de oposici\u00f3n<\/p>\n<p>Los usuarios de este sitio web pueden ejercer su derecho de objeci\u00f3n y oponerse al tratamiento de sus datos personales en cualquier momento.<\/p>\n<p>Si desea una correcci\u00f3n, bloqueo, eliminaci\u00f3n o informaci\u00f3n sobre los datos personales almacenados sobre usted o si tiene preguntas sobre la recopilaci\u00f3n, el tratamiento o el uso de sus datos personales o si desea revocar su consentimiento, p\u00f3ngase en contacto con nosotros en la siguiente direcci\u00f3n de correo electr\u00f3nico: info@plastic-surgery-mallorca.com.<\/p>\n<p>Esto incluye, por ejemplo, informaci\u00f3n sobre:<\/p>\n<p>La transferencia de datos a terceros y a terceros proveedores<\/p>\n<p>La integraci\u00f3n de servicios y contenidos de terceros (por ejemplo, fuentes de Google o v\u00eddeos de YouTube)<\/p>\n<p>La prestaci\u00f3n de servicios contractuales<\/p>\n<p>Contacto a trav\u00e9s del formulario de contacto<\/p>\n<p>Uso de cookies de sesi\u00f3n<\/p>\n<p>Uso de plugins antispam de procesamiento de datos<\/p>\n<p>Uso de la etiqueta de remarketing de Google<\/p>\n<p>Uso de los botones de Google+ o Twitter<\/p>\n<p>Google Meet y encriptaci\u00f3n para videoconferencias<\/p>\n<p>Para garantizar la seguridad y la privacidad de los datos, en Meet se admiten las siguientes medidas de cifrado:<\/p>\n<p>Para las videoconferencias en Meet, todos los datos se cifran en tr\u00e1nsito entre el cliente y Google de forma predeterminada. Esto se aplica a las videoconferencias en el navegador web, en las aplicaciones de Meet para Android e iOS y en las salas de conferencias con hardware de Meet.<\/p>\n<p>Cuando te unes a una videoconferencia por tel\u00e9fono, el audio se transmite a trav\u00e9s de la red del proveedor de servicios inal\u00e1mbricos y puede no estar cifrado.<\/p>\n<p>Las grabaciones de Meet almacenadas en Google Drive est\u00e1n cifradas por defecto.<\/p>\n<p>Meet cumple con los est\u00e1ndares de seguridad del IETF (Internet Engineering Taskforce) para DTLS (Datagram Transport Layer Security) y SRTP (Secure Real-time Transport Protocol).<\/p>\n<p>\u00a0<\/p>\n\t\t\n<style>\n#text-1393532017 {\n  text-align: left;\n}\n<\/style>\n\t<\/div>\n\t\n\n\t\t<\/div>\n\t\t\t\t\n<style>\n#col-410216733 > .col-inner {\n  padding: 0px 0px 0px 0;\n  margin: 0px 0px 0px 0;\n}\n@media (min-width:550px) {\n  #col-410216733 > .col-inner {\n    padding: 0px 0px 0px 26px;\n    margin: 0px 0px 0px 19px;\n  }\n}\n<\/style>\n\t<\/div>\n\n\t\n\n\n<style>\n#row-506888562 > .col > .col-inner {\n  padding: 70px 0px 30px 0px;\n}\n<\/style>\n<\/div>\n\n\t\t<\/div>\n\n\t\t\n<style>\n#section_1245031190 {\n  padding-top: 0px;\n  padding-bottom: 0px;\n}\n#section_1245031190 .ux-shape-divider--top svg {\n  height: 150px;\n  --divider-top-width: 100%;\n}\n#section_1245031190 .ux-shape-divider--bottom svg {\n  height: 150px;\n  --divider-width: 100%;\n}\n<\/style>\n\t<\/section>\n\t\n\n","protected":false},"excerpt":{"rendered":"","protected":false},"author":1,"featured_media":0,"parent":0,"menu_order":1,"comment_status":"closed","ping_status":"closed","template":"page-blank.php","meta":[],"_links":{"self":[{"href":"https:\/\/www.plastischechirurgie-mallorca.com\/es\/wp-json\/wp\/v2\/pages\/2581"}],"collection":[{"href":"https:\/\/www.plastischechirurgie-mallorca.com\/es\/wp-json\/wp\/v2\/pages"}],"about":[{"href":"https:\/\/www.plastischechirurgie-mallorca.com\/es\/wp-json\/wp\/v2\/types\/page"}],"author":[{"embeddable":true,"href":"https:\/\/www.plastischechirurgie-mallorca.com\/es\/wp-json\/wp\/v2\/users\/1"}],"replies":[{"embeddable":true,"href":"https:\/\/www.plastischechirurgie-mallorca.com\/es\/wp-json\/wp\/v2\/comments?post=2581"}],"version-history":[{"count":2,"href":"https:\/\/www.plastischechirurgie-mallorca.com\/es\/wp-json\/wp\/v2\/pages\/2581\/revisions"}],"predecessor-version":[{"id":2594,"href":"https:\/\/www.plastischechirurgie-mallorca.com\/es\/wp-json\/wp\/v2\/pages\/2581\/revisions\/2594"}],"wp:attachment":[{"href":"https:\/\/www.plastischechirurgie-mallorca.com\/es\/wp-json\/wp\/v2\/media?parent=2581"}],"curies":[{"name":"wp","href":"https:\/\/api.w.org\/{rel}","templated":true}]}}