{"id":3038,"date":"2021-07-23T15:09:22","date_gmt":"2021-07-23T15:09:22","guid":{"rendered":"https:\/\/www.plastischechirurgie-mallorca.com\/kontakt\/"},"modified":"2025-10-30T10:54:13","modified_gmt":"2025-10-30T10:54:13","slug":"kontakt","status":"publish","type":"page","link":"https:\/\/www.plastischechirurgie-mallorca.com\/no\/kontakt\/","title":{"rendered":"Kontakt"},"content":{"rendered":"\n<div class=\"slider-wrapper relative\" id=\"slider-1096706151\" >\n    <div class=\"slider slider-nav-circle slider-nav-large slider-nav-light slider-style-normal\"\n        data-flickity-options='{\n            \"cellAlign\": \"center\",\n            \"imagesLoaded\": true,\n            \"lazyLoad\": 1,\n            \"freeScroll\": false,\n            \"wrapAround\": true,\n            \"autoPlay\": 6000,\n            \"pauseAutoPlayOnHover\" : true,\n            \"prevNextButtons\": true,\n            \"contain\" : true,\n            \"adaptiveHeight\" : true,\n            \"dragThreshold\" : 10,\n            \"percentPosition\": true,\n            \"pageDots\": false,\n            \"rightToLeft\": false,\n            \"draggable\": true,\n            \"selectedAttraction\": 0.1,\n            \"parallax\" : 0,\n            \"friction\": 0.6        }'\n        >\n        \n\n\n  <div class=\"banner has-hover has-parallax\" id=\"banner-5470998\">\n          <div class=\"banner-inner fill\">\n        <div class=\"banner-bg fill\" data-parallax=\"-5\" data-parallax-container=\".banner\" data-parallax-background>\n            <div class=\"bg fill bg-fill \"><\/div>\n                        <div class=\"overlay\"><\/div>            \n                    <\/div>\n\t\t\n        <div class=\"banner-layers container\">\n            <div class=\"fill banner-link\"><\/div>            \n\n   <div id=\"text-box-487640851\" class=\"text-box banner-layer x50 md-x50 lg-x50 y45 md-y45 lg-y45 res-text\">\n                     <div data-animate=\"flipInY\">           <div class=\"text-box-content text dark\">\n              \n              <div class=\"text-inner text-center\">\n                  \n\n<div class=\"is-divider divider clearfix\" style=\"margin-top:3px;margin-bottom:3px;\"><\/div>\n\n\t<div id=\"text-2250504804\" class=\"text\">\n\t\t\n\n<h1 class=\"h-large uppercase\"><span style=\"font-size: 160%;\"><strong>Kontakt<\/strong><\/span><\/h1>\n\t\t\n<style>\n#text-2250504804 {\n  font-size: 0.75rem;\n}\n<\/style>\n\t<\/div>\n\t\n\t<div id=\"text-1005419416\" class=\"text\">\n\t\t\n\n<p>Plastisk kirurgi Dr. Christian Wolf<\/p>\n\t\t\n<style>\n#text-1005419416 {\n  font-size: 1.75rem;\n  line-height: 0.75;\n  text-align: center;\n}\n<\/style>\n\t<\/div>\n\t\n<div class=\"is-divider divider clearfix\" ><\/div>\n\n<a href=\"mailto:info@plastischechirurgie-mallorca.com\" target=\"_self\" class=\"button white is-outline\"  >\n    <span>Skriv e-post<\/span>\n  <\/a>\n\n\n<a href=\"tel:+34653544600\" target=\"_self\" class=\"button white is-outline\"  >\n    <span>+34 653 544 600<\/span>\n  <\/a>\n\n\n\n              <\/div>\n           <\/div>\n       <\/div>                     \n<style>\n#text-box-487640851 {\n  width: 100%;\n}\n#text-box-487640851 .text-box-content {\n  font-size: 100%;\n}\n@media (min-width:550px) {\n  #text-box-487640851 {\n    width: 100%;\n  }\n}\n<\/style>\n    <\/div>\n \n\n        <\/div>\n      <\/div>\n\n            \n<style>\n#banner-5470998 {\n  padding-top: 400px;\n}\n#banner-5470998 .bg.bg-loaded {\n  background-image: url(https:\/\/www.plastischechirurgie-mallorca.com\/wp-content\/uploads\/2021\/07\/de684c_cd1bd9f00c124ff085f9efc378c3b33f_mv2-1200x800.jpg);\n}\n#banner-5470998 .overlay {\n  background-color: rgba(0,0,0,.5);\n}\n#banner-5470998 .bg {\n  background-position: 57% 49%;\n}\n#banner-5470998 .ux-shape-divider--top svg {\n  height: 150px;\n  --divider-top-width: 100%;\n}\n#banner-5470998 .ux-shape-divider--bottom svg {\n  height: 150px;\n  --divider-width: 100%;\n}\n@media (min-width:550px) {\n  #banner-5470998 {\n    padding-top: 600px;\n  }\n}\n<\/style>\n  <\/div>\n\n\n\n     <\/div>\n\n     <div class=\"loading-spin dark large centered\"><\/div>\n\n     \t<\/div>\n\n\n\t<section class=\"section dark\" id=\"section_1695705974\">\n\t\t<div class=\"bg section-bg fill bg-fill  bg-loaded\" >\n\n\t\t\t\n\t\t\t\n\t\t\t\n\n\t\t<\/div>\n\n\t\t\n\n\t\t<div class=\"section-content relative\">\n\t\t\t\n\n<div class=\"row align-middle\"  id=\"row-233188370\">\n\n\n\t<div id=\"col-120304376\" class=\"col medium-6 small-12 large-6\"  >\n\t\t\t\t<div class=\"col-inner text-left\"  >\n\t\t\t\n\t\t\t\n\n\t<div id=\"text-1106816148\" class=\"text\">\n\t\t\n\n<h2>F\u00e5 uforpliktende r\u00e5d fra Dr. Christian Wolf<\/h2>\n\t\t\n<style>\n#text-1106816148 {\n  text-align: left;\n}\n<\/style>\n\t<\/div>\n\t\n\t<div id=\"text-2236160857\" class=\"text\">\n\t\t\n\n<p>Plastikkirurgiske inngrep utf\u00f8res b\u00e5de av rent estetiske og funksjonelle \u00e5rsaker. Uansett om du bestemmer deg for en brystforst\u00f8rrelse, en ansiktsl\u00f8ftning eller annen behandling: La Dr. Wolf gi deg r\u00e5d uten forpliktelse til \u00e5 diskutere dine eksakte ideer.<\/p>\n\t\t\n<style>\n#text-2236160857 {\n  text-align: left;\n}\n<\/style>\n\t<\/div>\n\t\n\t<div id=\"gap-2071147133\" class=\"gap-element clearfix\" style=\"display:block; height:auto;\">\n\t\t\n<style>\n#gap-2071147133 {\n  padding-top: 0px;\n}\n@media (min-width:550px) {\n  #gap-2071147133 {\n    padding-top: 30px;\n  }\n}\n<\/style>\n\t<\/div>\n\t\n\n\n\t\t<\/div>\n\t\t\t\t\n<style>\n#col-120304376 > .col-inner {\n  margin: 30px 0px 0px 0px;\n}\n<\/style>\n\t<\/div>\n\n\t\n\n\t<div id=\"col-2018537645\" class=\"col medium-6 small-12 large-6\"  >\n\t\t\t\t<div class=\"col-inner\"  >\n\t\t\t\n\t\t\t\n\n<div role=\"form\" class=\"wpcf7\" id=\"wpcf7-f3040-o1\" lang=\"en-US\" dir=\"ltr\">\n<div class=\"screen-reader-response\"><p role=\"status\" aria-live=\"polite\" aria-atomic=\"true\"><\/p> <ul><\/ul><\/div>\n<form action=\"\/no\/wp-json\/wp\/v2\/pages\/3038#wpcf7-f3040-o1\" method=\"post\" class=\"wpcf7-form init\" novalidate=\"novalidate\" data-status=\"init\">\n<div style=\"display: none;\">\n<input type=\"hidden\" name=\"_wpcf7\" value=\"3040\" \/>\n<input type=\"hidden\" name=\"_wpcf7_version\" value=\"5.5.6.1\" \/>\n<input type=\"hidden\" name=\"_wpcf7_locale\" value=\"en_US\" \/>\n<input type=\"hidden\" name=\"_wpcf7_unit_tag\" value=\"wpcf7-f3040-o1\" \/>\n<input type=\"hidden\" name=\"_wpcf7_container_post\" value=\"0\" \/>\n<input type=\"hidden\" name=\"_wpcf7_posted_data_hash\" value=\"\" \/>\n<\/div>\n<div class=\"form-flat\">\n<span class=\"wpcf7-form-control-wrap your-name\"><input type=\"text\" name=\"your-name\" value=\"\" size=\"40\" class=\"wpcf7-form-control wpcf7-text wpcf7-validates-as-required\" aria-required=\"true\" aria-invalid=\"false\" placeholder=\"Navn *\" \/><\/span><\/p>\n<p><span class=\"wpcf7-form-control-wrap your-email\"><input type=\"email\" name=\"your-email\" value=\"\" size=\"40\" class=\"wpcf7-form-control wpcf7-text wpcf7-email wpcf7-validates-as-required wpcf7-validates-as-email\" aria-required=\"true\" aria-invalid=\"false\" placeholder=\"Email *\" \/><\/span> <\/p>\n<p><span class=\"wpcf7-form-control-wrap your-message\"><textarea name=\"your-message\" cols=\"40\" rows=\"10\" class=\"wpcf7-form-control wpcf7-textarea\" aria-invalid=\"false\" placeholder=\"Melding\"><\/textarea><\/span> <\/p>\n<p><input type=\"submit\" value=\"Send\" class=\"wpcf7-form-control has-spinner wpcf7-submit button\" \/>\n<\/p><\/div>\n<input type=\"hidden\" id=\"ct_checkjs_cf7_d947bf06a885db0d477d707121934ff8\" name=\"ct_checkjs_cf7\" value=\"0\" \/><script >setTimeout(function(){var ct_input_name = \"ct_checkjs_cf7_d947bf06a885db0d477d707121934ff8\";if (document.getElementById(ct_input_name) !== null) {var ct_input_value = document.getElementById(ct_input_name).value;document.getElementById(ct_input_name).value = document.getElementById(ct_input_name).value.replace(ct_input_value, '0fc2008be24486f92455d65ce48809e893b6406e9cff27772a39d034e0a6c9ef');}}, 1000);<\/script><input\n                    class=\"apbct_special_field apbct_email_id__wp_contact_form_7\"\n                    name=\"apbct__email_id__wp_contact_form_7\"\n                    aria-label=\"apbct__label_id__wp_contact_form_7\"\n                    type=\"text\" size=\"30\" maxlength=\"200\" autocomplete=\"off\"\n                    value=\"\"\n                \/><div class=\"altcha-widget-wrap\"><altcha-widget challengeurl=\"https:\/\/www.plastischechirurgie-mallorca.com\/no\/wp-json\/altcha\/v1\/challenge\" strings=\"{&quot;error&quot;:&quot;Verifiseringen mislyktes. Pr\\u00f8v igjen senere.&quot;,&quot;footer&quot;:&quot;Beskyttet av &lt;a href=\\&quot;https:\\\/\\\/altcha.org\\\/\\&quot; target=\\&quot;_blank\\&quot;&gt;ALTCHA&lt;\\\/a&gt;&quot;,&quot;label&quot;:&quot;Jeg er ikke en robot&quot;,&quot;verified&quot;:&quot;Verifisert&quot;,&quot;verifying&quot;:&quot;Verifiserer...&quot;,&quot;waitAlert&quot;:&quot;Verifiserer... vennligst vent.&quot;}\" auto=\"onfocus\" floating=\"auto\" delay=\"1500\" hidefooter=\"1\"><\/altcha-widget><noscript><div class=\"altcha-no-javascript\">This form requires JavaScript!<\/div><\/noscript><\/div><div class=\"wpcf7-response-output\" aria-hidden=\"true\"><\/div><\/form><\/div>\n\n<div id=\"ankerlink-kontakt\" class=\"ankerlink-kontakt\"><\/div>\n\n\t\t<\/div>\n\t\t\t\t\n<style>\n#col-2018537645 > .col-inner {\n  margin: 0px 0px 0px 0px;\n}\n@media (min-width:550px) {\n  #col-2018537645 > .col-inner {\n    margin: 50px 0px 0px 0px;\n  }\n}\n<\/style>\n\t<\/div>\n\n\t\n\n\n<style>\n#row-233188370 > .col > .col-inner {\n  padding: 1px 0px 0px 0px;\n}\n<\/style>\n<\/div>\n\n\t\t<\/div>\n\n\t\t\n<style>\n#section_1695705974 {\n  padding-top: 0px;\n  padding-bottom: 0px;\n  background-color: rgb(29, 51, 74);\n}\n#section_1695705974 .ux-shape-divider--top svg {\n  height: 150px;\n  --divider-top-width: 100%;\n}\n#section_1695705974 .ux-shape-divider--bottom svg {\n  height: 150px;\n  --divider-width: 100%;\n}\n<\/style>\n\t<\/section>\n\t\n\t<section class=\"section\" id=\"section_1017056515\">\n\t\t<div class=\"bg section-bg fill bg-fill  bg-loaded\" >\n\n\t\t\t\n\t\t\t\n\t\t\t\n\n\t\t<\/div>\n\n\t\t\n\n\t\t<div class=\"section-content relative\">\n\t\t\t\n\n<div class=\"row\"  id=\"row-891795707\">\n\n\n\t<div id=\"col-739540744\" class=\"col medium-4 small-12 large-4\"  >\n\t\t\t\t<div class=\"col-inner\"  >\n\t\t\t\n\t\t\t\n\n\t<div class=\"img has-hover x md-x lg-x y md-y lg-y\" id=\"image_900309158\">\n\t\t\t\t\t\t\t\t<div class=\"img-inner image-cover dark\" style=\"padding-top:110%;\">\n\t\t\t<img loading=\"lazy\" decoding=\"async\" width=\"600\" height=\"400\" src=\"https:\/\/www.plastischechirurgie-mallorca.com\/wp-content\/uploads\/2021\/08\/IMG_5789-600x400.jpg\" class=\"attachment-medium size-medium\" alt=\"Plastische Chirurgie Mallorca - Sch\u00f6nheitschirurgie Dr. Christian Wolf\" srcset=\"https:\/\/www.plastischechirurgie-mallorca.com\/wp-content\/uploads\/2021\/08\/IMG_5789-600x400.jpg 600w, https:\/\/www.plastischechirurgie-mallorca.com\/wp-content\/uploads\/2021\/08\/IMG_5789-1200x800.jpg 1200w, https:\/\/www.plastischechirurgie-mallorca.com\/wp-content\/uploads\/2021\/08\/IMG_5789-768x512.jpg 768w, https:\/\/www.plastischechirurgie-mallorca.com\/wp-content\/uploads\/2021\/08\/IMG_5789-1536x1024.jpg 1536w, https:\/\/www.plastischechirurgie-mallorca.com\/wp-content\/uploads\/2021\/08\/IMG_5789-2048x1365.jpg 2048w\" sizes=\"auto, (max-width: 600px) 100vw, 600px\" title=\"\">\t\t\t\t\t\t\n\t\t\t\t\t<\/div>\n\t\t\t\t\t\t\t\t\n<style>\n#image_900309158 {\n  width: 100%;\n}\n<\/style>\n\t<\/div>\n\t\n\n\n\t\t<\/div>\n\t\t\t\t\t<\/div>\n\n\t\n\n\t<div id=\"col-1325523370\" class=\"col medium-8 small-12 large-8\"  >\n\t\t\t\t<div class=\"col-inner\"  >\n\t\t\t\n\t\t\t\n\n\t<div id=\"text-4239064396\" class=\"text\">\n\t\t\n\n<h3><strong>Hos Dr. Wolf kan du forvente kompetent r\u00e5dgivning om kosmetisk kirurgi.<\/strong><\/h3>\n<p>Hver pasient har forskjellige \u00f8nsker og behov. Av denne grunn legger Dr. Christian Wolf stor vekt p\u00e5 en detaljert og kompetent konsultasjon om kosmetisk kirurgi. Siden hver pasients velv\u00e6re er viktigst, er det mulig med en individuell og personlig konsultasjon for hver pasient. I tillegg s\u00f8rger Dr. Wolf for at du blir informert om alle aspekter ved behandlingen og at det \u00f8nskede resultatet oppn\u00e5s p\u00e5 best mulig m\u00e5te.<\/p>\n<h4><strong>Her finner du oss p\u00e5 Mallorca<\/strong><\/h4>\n<p>Dr. Christian Wolf <br \/>(bei Taviara Aesthetics)<br \/>Carrer de Porto Pi 8, 7. Etage<br \/>ES-07015 Palma<\/p>\n\t\t\n<style>\n#text-4239064396 {\n  text-align: left;\n}\n<\/style>\n\t<\/div>\n\t\n<a rel=\"noopener noreferrer nofollow\" href=\"https:\/\/www.google.com\/maps\/place\/Dr.+Christian+Wolf\/@39.567358,2.6239671,17z\/data=!3m1!4b1!4m6!3m5!1s0x129793cc57017219:0xde642a5c6745d4c1!8m2!3d39.567358!4d2.6239671!16s%2Fg%2F11t27ng0vg?entry=ttu\" target=\"_blank\" class=\"button white is-outline\">\n    <span>GOOGLE MAPS<\/span>\n  <\/a>\n\n\n\n\t\t<\/div>\n\t\t\t\t\n<style>\n#col-1325523370 > .col-inner {\n  padding: 0px 0px 0px 0px;\n  margin: -50px 0px 0px 0px;\n}\n@media (min-width:550px) {\n  #col-1325523370 > .col-inner {\n    padding: 0px 0px 0px 26px;\n    margin: 0px 0px 0px 19px;\n  }\n}\n<\/style>\n\t<\/div>\n\n\t\n\n\n<style>\n#row-891795707 > .col > .col-inner {\n  padding: 70px 0px 30px 0px;\n}\n<\/style>\n<\/div>\n\n\t\t<\/div>\n\n\t\t\n<style>\n#section_1017056515 {\n  padding-top: 0px;\n  padding-bottom: 0px;\n}\n#section_1017056515 .ux-shape-divider--top svg {\n  height: 150px;\n  --divider-top-width: 100%;\n}\n#section_1017056515 .ux-shape-divider--bottom svg {\n  height: 150px;\n  --divider-width: 100%;\n}\n<\/style>\n\t<\/section>\n\t\n\n","protected":false},"excerpt":{"rendered":"","protected":false},"author":1,"featured_media":0,"parent":0,"menu_order":1,"comment_status":"closed","ping_status":"closed","template":"page-blank.php","meta":{"footnotes":""},"class_list":["post-3038","page","type-page","status-publish","hentry"],"_links":{"self":[{"href":"https:\/\/www.plastischechirurgie-mallorca.com\/no\/wp-json\/wp\/v2\/pages\/3038","targetHints":{"allow":["GET"]}}],"collection":[{"href":"https:\/\/www.plastischechirurgie-mallorca.com\/no\/wp-json\/wp\/v2\/pages"}],"about":[{"href":"https:\/\/www.plastischechirurgie-mallorca.com\/no\/wp-json\/wp\/v2\/types\/page"}],"author":[{"embeddable":true,"href":"https:\/\/www.plastischechirurgie-mallorca.com\/no\/wp-json\/wp\/v2\/users\/1"}],"replies":[{"embeddable":true,"href":"https:\/\/www.plastischechirurgie-mallorca.com\/no\/wp-json\/wp\/v2\/comments?post=3038"}],"version-history":[{"count":7,"href":"https:\/\/www.plastischechirurgie-mallorca.com\/no\/wp-json\/wp\/v2\/pages\/3038\/revisions"}],"predecessor-version":[{"id":4707,"href":"https:\/\/www.plastischechirurgie-mallorca.com\/no\/wp-json\/wp\/v2\/pages\/3038\/revisions\/4707"}],"wp:attachment":[{"href":"https:\/\/www.plastischechirurgie-mallorca.com\/no\/wp-json\/wp\/v2\/media?parent=3038"}],"curies":[{"name":"wp","href":"https:\/\/api.w.org\/{rel}","templated":true}]}}